{"id":44186,"date":"2025-11-04T04:47:35","date_gmt":"2025-11-04T04:47:35","guid":{"rendered":"https:\/\/camara.registrok12.com\/?page_id=44186"},"modified":"2025-11-13T13:30:40","modified_gmt":"2025-11-13T13:30:40","slug":"leytransparencia","status":"publish","type":"page","link":"https:\/\/camaratest.registrok12.com\/en\/leytransparencia\/","title":{"rendered":"Ley Transparencia"},"content":{"rendered":"\t\t<div data-elementor-type=\"wp-page\" data-elementor-id=\"44186\" class=\"elementor elementor-44186\" data-elementor-post-type=\"page\">\n\t\t\t\t<div class=\"elementor-element elementor-element-55ea1e3 e-flex e-con-boxed e-con e-parent\" data-id=\"55ea1e3\" data-element_type=\"container\" data-settings=\"{&quot;background_background&quot;:&quot;classic&quot;}\">\n\t\t\t\t\t<div class=\"e-con-inner\">\n\t\t\t\t<div class=\"elementor-element elementor-element-ef1f2ac elementor-widget elementor-widget-heading\" data-id=\"ef1f2ac\" data-element_type=\"widget\" data-widget_type=\"heading.default\">\n\t\t\t\t<div class=\"elementor-widget-container\">\n\t\t\t\t\t<h2 class=\"elementor-heading-title elementor-size-default\">Ley de Transparencia<\/h2>\t\t\t\t<\/div>\n\t\t\t\t<\/div>\n\t\t\t\t\t<\/div>\n\t\t\t\t<\/div>\n\t\t<div class=\"elementor-element elementor-element-1793287 e-con-full e-flex e-con e-parent\" data-id=\"1793287\" data-element_type=\"container\">\n\t\t\t\t<div class=\"elementor-element elementor-element-14dd5c8 elementor-widget elementor-widget-html\" data-id=\"14dd5c8\" data-element_type=\"widget\" data-widget_type=\"html.default\">\n\t\t\t\t<div class=\"elementor-widget-container\">\n\t\t\t\t\t<!-- WordPress-compatible Transparency Information Section -->\n<!-- Paste this code in a WordPress Custom HTML block, Page\/Post editor (Text\/HTML mode), or a Text widget -->\n\n<style>\n    \/* Scoped styles for WordPress compatibility *\/\n    .wp-transparency-container {\n        max-width: 1200px;\n        margin: 0 auto;\n        padding: 20px;\n        font-family: -apple-system, BlinkMacSystemFont, \"Segoe UI\", Roboto, sans-serif;\n        position: relative;\n    }\n    \n    .wp-transparency-container * {\n        box-sizing: border-box;\n    }\n    \n    .wp-transparency-header {\n        text-align: center;\n        color: #2c3e50;\n        margin-bottom: 30px;\n        font-size: 1.5em;\n        border-bottom: 3px solid #41776F;\n        padding-bottom: 15px;\n        font-weight: 600;\n        line-height: 1.4;\n        text-transform: uppercase;\n    }\n    \n    .wp-transparency-content {\n        background: #f8f9fa;\n        border-left: 4px solid #41776F;\n        padding: 25px 30px;\n        border-radius: 5px;\n        box-shadow: 0 2px 4px rgba(0,0,0,0.1);\n    }\n    \n    .wp-transparency-list {\n        list-style: none;\n        padding: 0;\n        margin: 0;\n    }\n    \n    .wp-transparency-list > li {\n        position: relative;\n        padding-left: 25px;\n        margin-bottom: 20px;\n        color: #2c3e50;\n        font-size: 1.1em;\n        line-height: 1.6;\n    }\n    \n    .wp-transparency-list > li:before {\n        content: \"\u2022\";\n        position: absolute;\n        left: 0;\n        color: #41776F;\n        font-weight: bold;\n        font-size: 1.2em;\n    }\n    \n    .wp-transparency-list a {\n        color: #41776F;\n        text-decoration: none;\n        font-weight: 500;\n        transition: all 0.3s ease;\n    }\n    \n    .wp-transparency-list a:hover {\n        text-decoration: underline;\n        color: #2c5c55;\n    }\n    \n    .wp-transparency-sublist {\n        list-style: none;\n        padding: 0;\n        margin: 10px 0 0 0;\n    }\n    \n    .wp-transparency-sublist li {\n        position: relative;\n        padding-left: 30px;\n        margin-bottom: 10px;\n        color: #555;\n        font-size: 1em;\n        line-height: 1.6;\n    }\n    \n    .wp-transparency-sublist li:before {\n        content: \"\u2022\";\n        position: absolute;\n        left: 10px;\n        color: #c1ad7b;\n        font-weight: bold;\n    }\n    \n    .wp-transparency-sublist a {\n        color: #c1ad7b;\n        text-decoration: none;\n        font-weight: 500;\n    }\n    \n    .wp-transparency-sublist a:hover {\n        text-decoration: underline;\n        color: #9e8c62;\n    }\n    \n    .wp-transparency-contact {\n        margin-top: 30px;\n        padding: 20px;\n        background: #ffffff;\n        border-left: 4px solid #41776F;\n        border-radius: 5px;\n        box-shadow: 0 2px 4px rgba(0,0,0,0.1);\n        max-width: 350px;\n    }\n    \n    .wp-transparency-contact p {\n        margin: 0;\n        padding: 0;\n        color: #2c3e50;\n        font-size: 1em;\n        line-height: 1.5;\n        font-weight: 500;\n    }\n    \n    .wp-transparency-contact p:first-child {\n        font-weight: 600;\n        color: #41776F;\n    }\n    \n    \/* Responsive Design *\/\n    @media (max-width: 600px) {\n        .wp-transparency-container {\n            padding: 10px;\n        }\n        \n        .wp-transparency-header {\n            font-size: 1.2em;\n            padding-bottom: 10px;\n        }\n        \n        .wp-transparency-content {\n            padding: 15px 20px;\n        }\n        \n        .wp-transparency-list > li {\n            font-size: 1em;\n            margin-bottom: 15px;\n        }\n        \n        .wp-transparency-sublist li {\n            font-size: 0.95em;\n        }\n        \n        .wp-transparency-contact {\n            max-width: 100%;\n            margin-top: 20px;\n            padding: 15px;\n        }\n        \n        .wp-transparency-contact p {\n            font-size: 0.95em;\n        }\n    }\n<\/style>\n\n<div class=\"wp-transparency-container\">\n    <h2 class=\"wp-transparency-header\">\n        Para establecer las disposiciones que aplicar\u00e1n en la evaluaci\u00f3n \n        y procesamiento de las solicitudes de informaci\u00f3n p\u00fablica bajo \n        la custodia de la C\u00e1mara de Representantes de Puerto Rico, \n        conforme a la Ley 141-2019, seg\u00fan enmendada, conocida como \"Ley \n        de Transparencia y Procedimiento Expedito para el Acceso a la \n        Informaci\u00f3n P\u00fablica\".\n    <\/h2>\n    \n    <div class=\"wp-transparency-content\">\n        <ul class=\"wp-transparency-list\">\n            <li>\n                <a href=\"https:\/\/camara.registrok12.com\/wp-content\/uploads\/2025\/11\/OA-2025-09-Solicitudes-de-informacion-publica-bajo-la-custodia-de-la-Camara-de-Representantes.pdf\" target=\"_blank\">\n                    Orden Administrativa \u2013 2025-09\n                <\/a>\n            <\/li>\n            \n            <li>\n                <a href=\"https:\/\/forms.office.com\/pages\/responsepage.aspx?id=8DbxNwbcf0a86-Za5lnLTZoa7WL0KTtLmUibYXXenetUM080WVpJOVgyNTA0Slo4QjRaMUk5NzhaSy4u&origin=lprLink&route=shorturl\" target=\"_blank\">\n                    Formulario Digital\n                <\/a>\n            <\/li>\n            \n            <li>\n                <a href=\"https:\/\/camara.registrok12.com\/wp-content\/uploads\/2025\/11\/Solicitud-de-Informacion.pdf\" target=\"_blank\">\n                    Descargar Formulario\n                <\/a>\n                <ul class=\"wp-transparency-sublist\">\n                    <li>Puede entregar a la Oficina del Secretario de la C\u00e1mara de Representantes<\/li>\n                    <li>Puede enviar al correo electr\u00f3nico: \n                        <a href=\"mailto:transparencia@camara.pr.gov\">transparencia@camara.pr.gov<\/a>\n                    <\/li>\n                <\/ul>\n            <\/li>\n        <\/ul>\n    <\/div>\n    \n    <div class=\"wp-transparency-contact\">\n        <p>Oficial de Informaci\u00f3n<\/p>\n        <p>Alberto Le\u00f3n Ayala<\/p>\n        <p>Secretario<\/p>\n        <p>C\u00e1mara de Representantes<\/p>\n    <\/div>\n<\/div>\t\t\t\t<\/div>\n\t\t\t\t<\/div>\n\t\t\t\t<\/div>\n\t\t<div class=\"elementor-element elementor-element-f6a3a91 e-flex e-con-boxed e-con e-parent\" data-id=\"f6a3a91\" data-element_type=\"container\">\n\t\t\t\t\t<div class=\"e-con-inner\">\n\t\t\t\t\t<\/div>\n\t\t\t\t<\/div>\n\t\t\t\t<\/div>\n\t\t","protected":false},"excerpt":{"rendered":"<p>Ley de Transparencia Para establecer las disposiciones que aplicar\u00e1n en la evaluaci\u00f3n y procesamiento de las solicitudes de informaci\u00f3n p\u00fablica bajo la custodia de la C\u00e1mara de Representantes de Puerto Rico, conforme a la Ley 141-2019, seg\u00fan enmendada, conocida como &#8220;Ley de Transparencia y Procedimiento Expedito para el Acceso a la Informaci\u00f3n P\u00fablica&#8221;. Orden Administrativa [&hellip;]<\/p>\n","protected":false},"author":1,"featured_media":0,"parent":0,"menu_order":0,"comment_status":"closed","ping_status":"closed","template":"elementor_header_footer","meta":{"_acf_changed":false,"footnotes":""},"class_list":["post-44186","page","type-page","status-publish","hentry"],"acf":[],"_links":{"self":[{"href":"https:\/\/camaratest.registrok12.com\/en\/wp-json\/wp\/v2\/pages\/44186","targetHints":{"allow":["GET"]}}],"collection":[{"href":"https:\/\/camaratest.registrok12.com\/en\/wp-json\/wp\/v2\/pages"}],"about":[{"href":"https:\/\/camaratest.registrok12.com\/en\/wp-json\/wp\/v2\/types\/page"}],"author":[{"embeddable":true,"href":"https:\/\/camaratest.registrok12.com\/en\/wp-json\/wp\/v2\/users\/1"}],"replies":[{"embeddable":true,"href":"https:\/\/camaratest.registrok12.com\/en\/wp-json\/wp\/v2\/comments?post=44186"}],"version-history":[{"count":16,"href":"https:\/\/camaratest.registrok12.com\/en\/wp-json\/wp\/v2\/pages\/44186\/revisions"}],"predecessor-version":[{"id":44623,"href":"https:\/\/camaratest.registrok12.com\/en\/wp-json\/wp\/v2\/pages\/44186\/revisions\/44623"}],"wp:attachment":[{"href":"https:\/\/camaratest.registrok12.com\/en\/wp-json\/wp\/v2\/media?parent=44186"}],"curies":[{"name":"wp","href":"https:\/\/api.w.org\/{rel}","templated":true}]}}