{"id":3632,"date":"2025-06-18T09:05:19","date_gmt":"2025-06-18T09:05:19","guid":{"rendered":"https:\/\/camara.registrok12.com\/blog\/"},"modified":"2025-08-07T10:13:06","modified_gmt":"2025-08-07T10:13:06","slug":"blog","status":"publish","type":"page","link":"https:\/\/camaratest.registrok12.com\/en\/blog\/","title":{"rendered":"Blog"},"content":{"rendered":"\t\t<div data-elementor-type=\"wp-page\" data-elementor-id=\"3632\" class=\"elementor elementor-3632 elementor-3226\" data-elementor-post-type=\"page\">\n\t\t\t\t<div class=\"elementor-element elementor-element-f196dd2 e-flex e-con-boxed e-con e-parent\" data-id=\"f196dd2\" data-element_type=\"container\" data-settings=\"{&quot;background_background&quot;:&quot;classic&quot;}\">\n\t\t\t\t\t<div class=\"e-con-inner\">\n\t\t\t\t<div class=\"elementor-element elementor-element-bbad70a elementor-widget elementor-widget-heading\" data-id=\"bbad70a\" data-element_type=\"widget\" data-widget_type=\"heading.default\">\n\t\t\t\t<div class=\"elementor-widget-container\">\n\t\t\t\t\t<h1 class=\"elementor-heading-title elementor-size-default\">Blog<\/h1>\t\t\t\t<\/div>\n\t\t\t\t<\/div>\n\t\t<div class=\"elementor-element elementor-element-17c93c9 e-con-full e-flex e-con e-child\" data-id=\"17c93c9\" data-element_type=\"container\">\n\t\t\t\t<div class=\"elementor-element elementor-element-6bf5d05 elementor-widget elementor-widget-heading\" data-id=\"6bf5d05\" data-element_type=\"widget\" data-widget_type=\"heading.default\">\n\t\t\t\t<div class=\"elementor-widget-container\">\n\t\t\t\t\t<h2 class=\"elementor-heading-title elementor-size-default\"><a href=\"\/\">Home<\/a><\/h2>\t\t\t\t<\/div>\n\t\t\t\t<\/div>\n\t\t\t\t<div class=\"elementor-element elementor-element-9a4139c elementor-view-default elementor-widget elementor-widget-icon\" data-id=\"9a4139c\" data-element_type=\"widget\" data-widget_type=\"icon.default\">\n\t\t\t\t<div class=\"elementor-widget-container\">\n\t\t\t\t\t\t\t<div class=\"elementor-icon-wrapper\">\n\t\t\t<div class=\"elementor-icon\">\n\t\t\t<svg aria-hidden=\"true\" class=\"e-font-icon-svg e-fas-chevron-right\" viewBox=\"0 0 320 512\" xmlns=\"http:\/\/www.w3.org\/2000\/svg\"><path d=\"M285.476 272.971L91.132 467.314c-9.373 9.373-24.569 9.373-33.941 0l-22.667-22.667c-9.357-9.357-9.375-24.522-.04-33.901L188.505 256 34.484 101.255c-9.335-9.379-9.317-24.544.04-33.901l22.667-22.667c9.373-9.373 24.569-9.373 33.941 0L285.475 239.03c9.373 9.372 9.373 24.568.001 33.941z\"><\/path><\/svg>\t\t\t<\/div>\n\t\t<\/div>\n\t\t\t\t\t\t<\/div>\n\t\t\t\t<\/div>\n\t\t\t\t<div class=\"elementor-element elementor-element-a96874b elementor-widget elementor-widget-heading\" data-id=\"a96874b\" data-element_type=\"widget\" data-widget_type=\"heading.default\">\n\t\t\t\t<div class=\"elementor-widget-container\">\n\t\t\t\t\t<h2 class=\"elementor-heading-title elementor-size-default\">Blog <\/h2>\t\t\t\t<\/div>\n\t\t\t\t<\/div>\n\t\t\t\t<\/div>\n\t\t\t\t\t<\/div>\n\t\t\t\t<\/div>\n\t\t<div class=\"elementor-element elementor-element-9477e57 e-flex e-con-boxed e-con e-parent\" data-id=\"9477e57\" data-element_type=\"container\" data-settings=\"{&quot;background_background&quot;:&quot;classic&quot;}\">\n\t\t\t\t\t<div class=\"e-con-inner\">\n\t\t\t\t<div class=\"elementor-element elementor-element-ac87a23 elementor-widget elementor-widget-list_blog\" data-id=\"ac87a23\" data-element_type=\"widget\" id=\"blog-custom\" data-widget_type=\"list_blog.default\">\n\t\t\t\t<div class=\"elementor-widget-container\">\n\t\t\t\t\t            <div class=\"wrapper-blog\">\n                \n\n                                        <div class=\"item-blog\">\n                        <img decoding=\"async\" src=\"https:\/\/camaratest.registrok12.com\/wp-content\/uploads\/2025\/06\/Untitled-design-1-300x253.png\" alt=\"\">\n                        <p class=\"date\">\n                            Wednesday, June 18                        <\/p>\n\n\n                        <div class=\"content-blog\">\n                            <h3 class=\"title-blog\">Section is being updated.<\/h3>\n                            <div class=\"description-blog\">\n                                <div class=\"content-blog-tn\">\n\n                                    <span class=\"post-category\"><a href=\"https:\/\/camaratest.registrok12.com\/en\/category\/eventos-en\/\">In Events<\/a><\/span>                                    <p>\n                                        <svg xmlns=\"http:\/\/www.w3.org\/2000\/svg\" width=\"24\" height=\"24\" viewBox=\"0 0 24 24\" fill=\"none\"\n                                            stroke=\"currentColor\" stroke-width=\"2\" stroke-linecap=\"round\" stroke-linejoin=\"round\"\n                                            class=\"feather feather-message-square\" role=\"img\" aria-label=\"Icon\">\n                                            <path d=\"M21 15a2 2 0 0 1-2 2H7l-4 4V5a2 2 0 0 1 2-2h14a2 2 0 0 1 2 2z\"><\/path>\n                                        <\/svg>\n\n                                        0 comments\n                                    <\/p>\n\n                                <\/div>\n                                <a class=\"link-post\" href=\"https:\/\/camaratest.registrok12.com\/en\/seccion-esta-en-proceso-de-actualizacion\/\">Read more                                    <svg xmlns=\"http:\/\/www.w3.org\/2000\/svg\" width=\"24\" height=\"24\" viewBox=\"0 0 24 24\" fill=\"none\"\n                                        stroke=\"currentColor\" stroke-width=\"2\" stroke-linecap=\"round\" stroke-linejoin=\"round\"\n                                        class=\"feather feather-arrow-right\" role=\"img\" aria-label=\"Icon\">\n                                        <line x1=\"5\" y1=\"12\" x2=\"19\" y2=\"12\"><\/line>\n                                        <polyline points=\"12 5 19 12 12 19\"><\/polyline>\n                                    <\/svg><\/a>\n                            <\/div>\n                        <\/div>\n                    <\/div>\n\n\n\n                                <\/div>\n            \t\t\t\t<\/div>\n\t\t\t\t<\/div>\n\t\t\t\t\t<\/div>\n\t\t\t\t<\/div>\n\t\t\t\t<\/div>\n\t\t","protected":false},"excerpt":{"rendered":"<p>Blog Home Blog Wednesday, June 18 Secci\u00f3n est\u00e1 en proceso de actualizaci\u00f3n. In Eventos 0 comments Read more<\/p>\n","protected":false},"author":1,"featured_media":0,"parent":0,"menu_order":0,"comment_status":"closed","ping_status":"closed","template":"elementor_header_footer","meta":{"_acf_changed":false,"footnotes":""},"class_list":["post-3632","page","type-page","status-publish","hentry"],"acf":[],"_links":{"self":[{"href":"https:\/\/camaratest.registrok12.com\/en\/wp-json\/wp\/v2\/pages\/3632","targetHints":{"allow":["GET"]}}],"collection":[{"href":"https:\/\/camaratest.registrok12.com\/en\/wp-json\/wp\/v2\/pages"}],"about":[{"href":"https:\/\/camaratest.registrok12.com\/en\/wp-json\/wp\/v2\/types\/page"}],"author":[{"embeddable":true,"href":"https:\/\/camaratest.registrok12.com\/en\/wp-json\/wp\/v2\/users\/1"}],"replies":[{"embeddable":true,"href":"https:\/\/camaratest.registrok12.com\/en\/wp-json\/wp\/v2\/comments?post=3632"}],"version-history":[{"count":11,"href":"https:\/\/camaratest.registrok12.com\/en\/wp-json\/wp\/v2\/pages\/3632\/revisions"}],"predecessor-version":[{"id":25737,"href":"https:\/\/camaratest.registrok12.com\/en\/wp-json\/wp\/v2\/pages\/3632\/revisions\/25737"}],"wp:attachment":[{"href":"https:\/\/camaratest.registrok12.com\/en\/wp-json\/wp\/v2\/media?parent=3632"}],"curies":[{"name":"wp","href":"https:\/\/api.w.org\/{rel}","templated":true}]}}